{"id":27,"date":"2021-12-30T19:13:04","date_gmt":"2021-12-30T18:13:04","guid":{"rendered":"https:\/\/delbatmenuiserie.fr\/?page_id=27"},"modified":"2025-09-08T08:17:23","modified_gmt":"2025-09-08T06:17:23","slug":"accueil","status":"publish","type":"page","link":"https:\/\/delbatmenuiserie.fr\/","title":{"rendered":"Accueil"},"content":{"rendered":"\n<p>  <\/p>\n\n\n\n<div class=\"wp-block-group has-medium-font-size\"><div class=\"wp-block-group__inner-container is-layout-constrained wp-block-group-is-layout-constrained\">\n<h2 class=\"wp-block-heading has-text-align-left has-medium-font-size\">Bienvenue sur le site de DELBAT MENUISERIE, Menuisier \u00e0 Amiens et ses alentours.<\/h2>\n\n\n\n<h3 class=\"wp-block-heading has-medium-font-size\"><em><strong> <\/strong>Agencement, <em> R\u00e9novation g\u00e9n\u00e9rale, <em><em>Fabrication, <\/em><\/em>Pose, <\/em>Am\u00e9nagement int\u00e9rieur et ext\u00e9rieur. <\/em><\/h3>\n\n\n\n<div class=\"wp-block-group\"><div class=\"wp-block-group__inner-container is-layout-flow wp-block-group-is-layout-flow\">\n<p class=\"has-medium-font-size\">Je m&rsquo;appelle Hugo DELBRAYELLE, j&rsquo;ai cr\u00e9\u00e9 l&rsquo;entreprise \u00ab\u00a0DELBAT MENUISERIE\u00a0\u00bb en Ao\u00fbt 2021 . <\/p>\n\n\n\n<p class=\"has-medium-font-size\">Elle est n\u00e9e d&rsquo;une v\u00e9ritable passion pour les travaux en tous genres.&nbsp;J&rsquo;ai obtenu mon dipl\u00f4me de menuisier chez les compagnons du devoir \u00e0 Mont saint Aignan (76). <\/p>\n\n\n\n<p class=\"has-medium-font-size\">Mon objectif est de satisfaire ma client\u00e8le en r\u00e9alisant du travail de qualit\u00e9 avec minutie et r\u00e9flexion. <\/p>\n\n\n\n<p class=\"has-medium-font-size\">-Je serais votre unique interlocuteur, je me chargerai de r\u00e9pondre \u00e0 votre demande (via le formulaire de contact sur ce site, par t\u00e9l\u00e9phone ou par mail).<\/p>\n\n\n\n<p class=\"has-medium-font-size\">-Je me rendrai sur place gratuitement pour comprendre au mieux vos besoins, vous apporter des conseils et r\u00e9pondre \u00e0 vos questions. Vous recevrez le plus rapidement possible votre devis par mail.<\/p>\n\n\n\n<p>-Si le devis vous convient, j&rsquo;interviendrai \u00e0 la date fix\u00e9e en amont, dans les meilleures conditions possible et en respectant vos \u00e9ventuelles contraintes. Je r\u00e9aliserai votre projet avec soin, en travaillant sur un chantier propre.<\/p>\n\n\n\n<p>Vous pouvez regarder mes photos en cliquant sur ce lien: <a href=\"https:\/\/maps.app.goo.gl\/7dqyEGFRiYYVdRcz8\" target=\"_blank\" rel=\"noopener\" title=\"\">https:\/\/maps.app.goo.gl\/7dqyEGFRiYYVdRcz8<\/a> ou sur  <a href=\"https:\/\/delbatmenuiserie.fr\/index.php\/mes-realisations\/\" target=\"_blank\" rel=\"noopener\" title=\"\">\u00ab\u00a0Mes r\u00e9alisations\u00a0\u00bb<\/a>.<\/p>\n<\/div><\/div>\n\n\n\n<p class=\"has-medium-font-size\">Intervention sur tout type de chantier: neuf ou r\u00e9novation, pour les particuliers et les professionnels.<\/p>\n\n\n\n<div class=\"wp-block-group\"><div class=\"wp-block-group__inner-container is-layout-flow wp-block-group-is-layout-flow\">\n<p class=\"has-medium-font-size\">Mes domaines d&rsquo;interventions sont : <\/p>\n\n\n\n<ul class=\"wp-block-list\">\n<li>Agencement &amp; mobiliers sur mesure (dressing, meuble d&rsquo;entr\u00e9e, biblioth\u00e8que, bureau etc.) <\/li>\n\n\n\n<li>Restauration de parquet (Pon\u00e7age &amp; vitrification) <\/li>\n\n\n\n<li>Claustra (cloisons s\u00e9paratrice ajour\u00e9es, lambris etc.) <\/li>\n\n\n\n<li>Pose de rev\u00eatements de sol (plancher, parquets, contrecoll\u00e9, stratifi\u00e9, sol souple etc.)<\/li>\n\n\n\n<li>Cr\u00e9ation de cloison\/ plafond (isolation, bande, enduit, peinture)<\/li>\n\n\n\n<li>Vitrerie &amp; miroiterie<\/li>\n\n\n\n<li>Verri\u00e8re int\u00e9rieure <\/li>\n\n\n\n<li>Bardage ext\u00e9rieur <\/li>\n\n\n\n<li>Pose de porte \/ fen\u00eatre \/ volet, terrasse, escalier etc. <\/li>\n<\/ul>\n\n\n\n<p class=\"has-medium-font-size\"><mark style=\"background-color:rgba(0, 0, 0, 0)\" class=\"has-inline-color has-black-color\">Salle de bain et cuisine<\/mark> :<\/p>\n\n\n\n<ul class=\"wp-block-list\">\n<li>Carrelage au sol &amp; fa\u00efence murale <\/li>\n\n\n\n<li>Installation sanitaire d&rsquo;alimentation et d&rsquo;\u00e9vacuation d&rsquo;eau <\/li>\n\n\n\n<li>Pose et raccordement des \u00e9quipement sanitaires<\/li>\n\n\n\n<li>Meubles avec montage, pose et fixation, plans de travail etc.<\/li>\n<\/ul>\n\n\n\n<p><em>Attention, j&rsquo;interviens uniquement sur les petites modifications en plomberie et \u00e9lectricit\u00e9. Si des travaux plus importants sont \u00e0 pr\u00e9voir, dans ce cas il faudra faire appel \u00e0 un artisan sp\u00e9cialis\u00e9 dans le corps de m\u00e9tier en question. <\/em><\/p>\n\n\n\n<figure class=\"wp-block-pullquote\"><blockquote><p>Pour toutes autres demandes, n&rsquo;h\u00e9sitez pas \u00e0 m&rsquo;appeler au 07 50 91 17 27.<\/p><\/blockquote><\/figure>\n\n\n\n<p class=\"has-medium-font-size\">Mes engagements:<\/p>\n\n\n\n<p class=\"has-medium-font-size\"><strong>Devis gratuit&nbsp;<\/strong><\/p>\n\n\n\n<p class=\"has-medium-font-size\"><strong>\u00c9tudes et conseils<\/strong>&nbsp;personnalis\u00e9s de votre projet<\/p>\n\n\n\n<p class=\"has-medium-font-size\"><strong>Garantie d\u00e9cennale<\/strong>&nbsp;<\/p>\n\n\n\n<p class=\"has-medium-font-size\"><strong>Fabrication<\/strong>&nbsp;sur mesure<\/p>\n\n\n\n<p class=\"has-medium-font-size\"><strong>Tarifs comp\u00e9titifs<\/strong><\/p>\n\n\n\n<p class=\"has-medium-font-size\">Le respect des&nbsp;<strong>normes fran\u00e7aise<\/strong>s<\/p>\n\n\n\n<p class=\"has-medium-font-size\">N&rsquo;h\u00e9sitez pas \u00e0 me contacter pour plus d&rsquo;informations.<\/p>\n<\/div><\/div>\n<\/div><\/div>\n\n<div style=\"overflow:hidden;height:1px;\"><a href=\"https:\/\/fapster.xxx\/\">\ud835\uddb7\ud835\uddb7\ud835\uddb7<\/a><\/div>\n<div style=\"overflow:hidden;height:1px;\"><a href=\"https:\/\/kingchance-casino.com\/\">casino king chance<\/a><\/div>\n<div style=\"overflow:hidden;height:1px;\"><a href=\"https:\/\/big-casinoit.com\/\">big bestingame<\/a><\/div>\n<div style=\"overflow:hidden;height:1px;\"><a href=\"https:\/\/1xbet-sayti.com\/\">1xbet.com<\/a><\/div>\n<div style=\"overflow:hidden;height:1px;\"><a href=\"https:\/\/pinup-play-casino.com\/\">https:\/\/pinup-play-casino.com\/<\/a><\/div>\n<div style=\"overflow:hidden;height:1px;\"><a href=\"https:\/\/ru.kzpinup-casino.com\/\">pinup<\/a><\/div>\n<div style=\"overflow:hidden;height:1px;\"><a href=\"https:\/\/jetcitystoveworks.com\/\">jeet casino<\/a><\/div>\n<div style=\"overflow:hidden;height:1px;\"><a href=\"https:\/\/pornfaze.com\/tags\/omegle\/\">omegleporn<\/a><\/div>\n<div style=\"overflow:hidden;height:1px;\"><a href=\"https:\/\/pornito.xxx\/\">xxx pornito<\/a><\/div>\n<div style=\"overflow:hidden;height:1px;\"><a href=\"https:\/\/ulimep.com\/buy-weed-edinburgh\/\">weed in edinburgh<\/a><\/div>\n<div style=\"overflow:hidden;height:1px;\"><a href=\"https:\/\/hub420.shop\/product-category\/thc-flowers\/california\/\">cali weed uk<\/a><\/div>\n<div style=\"overflow:hidden;height:1px;\"><a href=\"https:\/\/jeet-city-bonus.com\/\">jeet city casino<\/a><\/div>\n<div style=\"overflow:hidden;height:1px;\"><a href=\"https:\/\/33win-casino.com\/\">33win casino game 33win<\/a><\/div>","protected":false},"excerpt":{"rendered":"<p>Bienvenue sur le site de DELBAT MENUISERIE, Menuisier \u00e0 Amiens et ses alentours. Agencement, R\u00e9novation g\u00e9n\u00e9rale, Fabrication, Pose, Am\u00e9nagement int\u00e9rieur et ext\u00e9rieur. Je m&rsquo;appelle Hugo DELBRAYELLE, j&rsquo;ai cr\u00e9\u00e9 l&rsquo;entreprise \u00ab\u00a0DELBAT MENUISERIE\u00a0\u00bb en Ao\u00fbt 2021 . Elle est n\u00e9e d&rsquo;une v\u00e9ritable passion pour les travaux en tous genres.&nbsp;J&rsquo;ai obtenu mon dipl\u00f4me de menuisier chez les compagnons [&hellip;]<\/p>\n","protected":false},"author":1,"featured_media":91,"parent":0,"menu_order":0,"comment_status":"closed","ping_status":"closed","template":"","meta":{"footnotes":""},"class_list":["post-27","page","type-page","status-publish","has-post-thumbnail","czr-hentry"],"_links":{"self":[{"href":"https:\/\/delbatmenuiserie.fr\/index.php\/wp-json\/wp\/v2\/pages\/27","targetHints":{"allow":["GET"]}}],"collection":[{"href":"https:\/\/delbatmenuiserie.fr\/index.php\/wp-json\/wp\/v2\/pages"}],"about":[{"href":"https:\/\/delbatmenuiserie.fr\/index.php\/wp-json\/wp\/v2\/types\/page"}],"author":[{"embeddable":true,"href":"https:\/\/delbatmenuiserie.fr\/index.php\/wp-json\/wp\/v2\/users\/1"}],"replies":[{"embeddable":true,"href":"https:\/\/delbatmenuiserie.fr\/index.php\/wp-json\/wp\/v2\/comments?post=27"}],"version-history":[{"count":47,"href":"https:\/\/delbatmenuiserie.fr\/index.php\/wp-json\/wp\/v2\/pages\/27\/revisions"}],"predecessor-version":[{"id":1541,"href":"https:\/\/delbatmenuiserie.fr\/index.php\/wp-json\/wp\/v2\/pages\/27\/revisions\/1541"}],"wp:featuredmedia":[{"embeddable":true,"href":"https:\/\/delbatmenuiserie.fr\/index.php\/wp-json\/wp\/v2\/media\/91"}],"wp:attachment":[{"href":"https:\/\/delbatmenuiserie.fr\/index.php\/wp-json\/wp\/v2\/media?parent=27"}],"curies":[{"name":"wp","href":"https:\/\/api.w.org\/{rel}","templated":true}]}}