{"id":226,"date":"2022-01-05T19:23:56","date_gmt":"2022-01-05T18:23:56","guid":{"rendered":"https:\/\/delbatmenuiserie.fr\/?page_id=226"},"modified":"2025-03-23T19:43:27","modified_gmt":"2025-03-23T18:43:27","slug":"mes-realisations","status":"publish","type":"page","link":"https:\/\/delbatmenuiserie.fr\/index.php\/mes-realisations\/","title":{"rendered":"Mes r\u00e9alisations"},"content":{"rendered":"<p>Les images sont class\u00e9es par cat\u00e9gories, veuillez cliquer sur les titres ci dessous pour les visualiser.<\/p>\n<p><a href=\"https:\/\/delbatmenuiserie.fr\/index.php\/agencement\/\">Agencement<\/a><\/p>\n<p><a title=\"\" href=\"https:\/\/delbatmenuiserie.fr\/index.php\/verriere\/\">Verri\u00e8re<\/a><\/p>\n<p><a title=\"Rev\u00eatement de sol\" href=\"https:\/\/delbatmenuiserie.fr\/index.php\/revetement-de-sol\/\">Rev\u00eatement de sol<\/a><\/p>\n<p><a title=\"Am\u00e9nagement ext\u00e9rieur\" href=\"https:\/\/delbatmenuiserie.fr\/index.php\/amenagement-exterieur\/\">Am\u00e9nagement ext\u00e9rieur<\/a><\/p>\n<p><a title=\"Fen\u00eatre\" href=\"https:\/\/delbatmenuiserie.fr\/index.php\/fenetre\/\">Fen\u00eatre<\/a><\/p>\n<p><a title=\"Bardage\" href=\"https:\/\/delbatmenuiserie.fr\/index.php\/bardage\/\">Bardage<\/a><\/p>\n<p><a title=\"salle de bain\" href=\"https:\/\/delbatmenuiserie.fr\/index.php\/avant-apres\/\">Salle de bain<\/a><\/p>\n","protected":false},"excerpt":{"rendered":"<p>Les images sont class\u00e9es par cat\u00e9gories, veuillez cliquer sur les titres ci dessous pour les visualiser. Agencement Verri\u00e8re Rev\u00eatement de sol Am\u00e9nagement ext\u00e9rieur Fen\u00eatre Bardage Salle de bain<\/p>\n","protected":false},"author":1,"featured_media":0,"parent":0,"menu_order":0,"comment_status":"closed","ping_status":"closed","template":"","meta":{"footnotes":""},"class_list":["post-226","page","type-page","status-publish","czr-hentry"],"_links":{"self":[{"href":"https:\/\/delbatmenuiserie.fr\/index.php\/wp-json\/wp\/v2\/pages\/226","targetHints":{"allow":["GET"]}}],"collection":[{"href":"https:\/\/delbatmenuiserie.fr\/index.php\/wp-json\/wp\/v2\/pages"}],"about":[{"href":"https:\/\/delbatmenuiserie.fr\/index.php\/wp-json\/wp\/v2\/types\/page"}],"author":[{"embeddable":true,"href":"https:\/\/delbatmenuiserie.fr\/index.php\/wp-json\/wp\/v2\/users\/1"}],"replies":[{"embeddable":true,"href":"https:\/\/delbatmenuiserie.fr\/index.php\/wp-json\/wp\/v2\/comments?post=226"}],"version-history":[{"count":15,"href":"https:\/\/delbatmenuiserie.fr\/index.php\/wp-json\/wp\/v2\/pages\/226\/revisions"}],"predecessor-version":[{"id":1590,"href":"https:\/\/delbatmenuiserie.fr\/index.php\/wp-json\/wp\/v2\/pages\/226\/revisions\/1590"}],"wp:attachment":[{"href":"https:\/\/delbatmenuiserie.fr\/index.php\/wp-json\/wp\/v2\/media?parent=226"}],"curies":[{"name":"wp","href":"https:\/\/api.w.org\/{rel}","templated":true}]}}