{"id":10,"date":"2021-12-30T19:07:38","date_gmt":"2021-12-30T18:07:38","guid":{"rendered":"https:\/\/delbatmenuiserie.fr\/?page_id=10"},"modified":"2025-12-12T13:06:08","modified_gmt":"2025-12-12T12:06:08","slug":"contact","status":"publish","type":"page","link":"https:\/\/delbatmenuiserie.fr\/index.php\/contact\/","title":{"rendered":"Contact \/ Devis"},"content":{"rendered":"<h2 class=\"wp-block-heading\">Coordonn\u00e9es<\/h2>\n<p>\u2706\u00a007 50 91 17 27<\/p>\n<p>delbatmenuiserie@gmail.com<\/p>\n<p>250 rue de coisy, 80260 POULAINVILLE<\/p>\n<hr class=\"wp-block-separator\" \/>\n<h2 class=\"wp-block-heading\">DEVIS GRATUIT ET RAPIDE<\/h2>\n<p><strong>DELBAT MENUISERIE<\/strong>\u00a0s\u2019engage \u00e0 \u00eatre r\u00e9actif. Demandez-moi un devis pour tout type de\u00a0<strong>r\u00e9alisation<\/strong> et je vous r\u00e9pondrais dans les meilleurs d\u00e9lais, en fonction de votre demande.<\/p>\n<p>En envoyant ce formulaire, vous acceptez que Delbat Menuiserie collecte vos donn\u00e9es pour r\u00e9pondre \u00e0 votre demande. Pour en savoir plus, consultez notre <a href=\"https:\/\/delbatmenuiserie.fr\/index.php\/confidentialite\/\">Politique de confidentialit\u00e9<\/a>.<\/p>\n<div id=\"wpcf7-f64-o1\" class=\"wpcf7 no-js\" dir=\"ltr\" lang=\"fr-FR\">\n<div class=\"screen-reader-response\">\n<p role=\"status\" aria-live=\"polite\" aria-atomic=\"true\">\n<\/div>\n<form class=\"wpcf7-form init\" action=\"\/wp-json\/wp\/v2\/pages\/10#wpcf7-f64-o1\" method=\"post\" novalidate=\"novalidate\" aria-label=\"Formulaire de contact\" data-status=\"init\">\n<div style=\"display: none;\"><input name=\"_wpcf7\" type=\"hidden\" value=\"64\" \/><br \/>\n<input name=\"_wpcf7_version\" type=\"hidden\" value=\"5.9.8\" \/><br \/>\n<input name=\"_wpcf7_locale\" type=\"hidden\" value=\"fr_FR\" \/><br \/>\n<input name=\"_wpcf7_unit_tag\" type=\"hidden\" value=\"wpcf7-f64-o1\" \/><br \/>\n<input name=\"_wpcf7_container_post\" type=\"hidden\" value=\"0\" \/><br \/>\n<input name=\"_wpcf7_posted_data_hash\" type=\"hidden\" value=\"\" \/><br \/>\n<input name=\"_wpcf7_recaptcha_response\" type=\"hidden\" value=\"\" \/><\/div>\n<p><label> Votre nom*<br \/>\n<span class=\"wpcf7-form-control-wrap\" data-name=\"your-name\"><input class=\"wpcf7-form-control wpcf7-text wpcf7-validates-as-required\" maxlength=\"400\" name=\"your-name\" size=\"40\" type=\"text\" value=\"\" aria-required=\"true\" aria-invalid=\"false\" \/><\/span> <\/label><\/p>\n<p><label> Votre e-mail*<br \/>\n<span class=\"wpcf7-form-control-wrap\" data-name=\"your-email\"><input class=\"wpcf7-form-control wpcf7-email wpcf7-validates-as-required wpcf7-text wpcf7-validates-as-email\" maxlength=\"400\" name=\"your-email\" size=\"40\" type=\"email\" value=\"\" aria-required=\"true\" aria-invalid=\"false\" \/><\/span> <\/label><\/p>\n<p><label> Votre t\u00e9l\u00e9phone<br \/>\n<span class=\"wpcf7-form-control-wrap\" data-name=\"tel-394\"><input class=\"wpcf7-form-control wpcf7-tel wpcf7-text wpcf7-validates-as-tel\" maxlength=\"400\" name=\"tel-394\" size=\"40\" type=\"tel\" value=\"\" aria-invalid=\"false\" \/><\/span> <\/label><\/p>\n<p><label> Objet<br \/>\n<span class=\"wpcf7-form-control-wrap\" data-name=\"your-subject\"><input class=\"wpcf7-form-control wpcf7-text\" maxlength=\"400\" name=\"your-subject\" size=\"40\" type=\"text\" value=\"\" aria-invalid=\"false\" \/><\/span> <\/label><\/p>\n<p><label> Votre message<br \/>\n<span class=\"wpcf7-form-control-wrap\" data-name=\"your-message\"><textarea class=\"wpcf7-form-control wpcf7-textarea\" cols=\"40\" maxlength=\"2000\" name=\"your-message\" rows=\"10\" aria-invalid=\"false\"><\/textarea><\/span> <\/label><\/p>\n<p><input class=\"wpcf7-form-control wpcf7-submit has-spinner\" type=\"submit\" value=\"Envoyer\" \/><\/p>\n<\/form>\n<\/div>\n<hr class=\"wp-block-separator\" \/>\n<h2 class=\"wp-block-heading\">CARTE<\/h2>\n<p><iframe loading=\"lazy\" style=\"border: 0;\" src=\"https:\/\/www.google.com\/maps\/embed?pb=!1m18!1m12!1m3!1d2649022.366987182!2d0.5750492754482285!3d49.580097968171316!2m3!1f0!2f0!3f0!3m2!1i1024!2i768!4f13.1!3m3!1m2!1s0x0%3A0xe34b5cf7816cb6bf!2sDelbat%20Menuiserie!5e0!3m2!1sfr!2sfr!4v1641503429350!5m2!1sfr!2sfr\" width=\"600\" height=\"450\" allowfullscreen=\"allowfullscreen\"><\/iframe><\/p>\n","protected":false},"excerpt":{"rendered":"<p>Coordonn\u00e9es \u2706\u00a007 50 91 17 27 delbatmenuiserie@gmail.com 250 rue de coisy, 80260 POULAINVILLE DEVIS GRATUIT ET RAPIDE DELBAT MENUISERIE\u00a0s\u2019engage \u00e0 \u00eatre r\u00e9actif. Demandez-moi un devis pour tout type de\u00a0r\u00e9alisation et je vous r\u00e9pondrais dans les meilleurs d\u00e9lais, en fonction de votre demande. En envoyant ce formulaire, vous acceptez que Delbat Menuiserie collecte vos donn\u00e9es pour [&hellip;]<\/p>\n","protected":false},"author":1,"featured_media":0,"parent":0,"menu_order":0,"comment_status":"closed","ping_status":"closed","template":"","meta":{"footnotes":""},"class_list":["post-10","page","type-page","status-publish","czr-hentry"],"_links":{"self":[{"href":"https:\/\/delbatmenuiserie.fr\/index.php\/wp-json\/wp\/v2\/pages\/10","targetHints":{"allow":["GET"]}}],"collection":[{"href":"https:\/\/delbatmenuiserie.fr\/index.php\/wp-json\/wp\/v2\/pages"}],"about":[{"href":"https:\/\/delbatmenuiserie.fr\/index.php\/wp-json\/wp\/v2\/types\/page"}],"author":[{"embeddable":true,"href":"https:\/\/delbatmenuiserie.fr\/index.php\/wp-json\/wp\/v2\/users\/1"}],"replies":[{"embeddable":true,"href":"https:\/\/delbatmenuiserie.fr\/index.php\/wp-json\/wp\/v2\/comments?post=10"}],"version-history":[{"count":19,"href":"https:\/\/delbatmenuiserie.fr\/index.php\/wp-json\/wp\/v2\/pages\/10\/revisions"}],"predecessor-version":[{"id":1635,"href":"https:\/\/delbatmenuiserie.fr\/index.php\/wp-json\/wp\/v2\/pages\/10\/revisions\/1635"}],"wp:attachment":[{"href":"https:\/\/delbatmenuiserie.fr\/index.php\/wp-json\/wp\/v2\/media?parent=10"}],"curies":[{"name":"wp","href":"https:\/\/api.w.org\/{rel}","templated":true}]}}